{"id":449,"date":"2026-01-13T09:57:36","date_gmt":"2026-01-13T09:57:36","guid":{"rendered":"http:\/\/instalacions.planetaries.cat\/?page_id=449"},"modified":"2026-01-21T12:59:28","modified_gmt":"2026-01-21T12:59:28","slug":"manteniment-integral","status":"publish","type":"page","link":"https:\/\/instalacions.planetaries.cat\/es\/serveis\/manteniment-integral\/","title":{"rendered":"Manteniment integral"},"content":{"rendered":"<p>Un bon manteniment garanteix la continu\u00eftat del servei i allarga la vida \u00fatil de les instal\u00b7lacions. Per aix\u00f2 oferim<strong> serveis de manteniment preventiu i correctiu<\/strong> per a totes les instal\u00b7lacions que realitzem, amb protocols personalitzats segons el tipus d\u2019edifici i el seu \u00fas.<\/p>\n<p>Actuem amb <strong>rapidesa, efic\u00e0cia i discreci\u00f3<\/strong>, assegurant temps m\u00ednims de resposta i intervenci\u00f3. Els nostres serveis inclouen revisions peri\u00f2diques, substituci\u00f3 de peces, controls reglamentaris, actualitzaci\u00f3 d\u2019equips i seguiment d\u2019indicadors clau. Oferim contractes adaptats a cada client, ja sigui una nau industrial, un edifici corporatiu, una botiga o un habitatge exclusiu. Treballem per prevenir incid\u00e8ncies i garantir que les instal\u00b7lacions funcionin sempre en condicions \u00f2ptimes.<\/p>\n<h2><strong>Prevenci\u00f3 i resposta r\u00e0pida per a garantir el funcionament \u00f2ptim de les instal\u00b7lacions.<\/strong><\/h2>\n<h3 style=\"text-align: center;\"><\/h3>","protected":false},"excerpt":{"rendered":"<p>Un bon manteniment garanteix la continu\u00eftat del servei i allarga la vida \u00fatil de les instal\u00b7lacions. Per aix\u00f2 oferim serveis de manteniment preventiu i correctiu per a totes les instal\u00b7lacions que realitzem, amb protocols personalitzats segons el tipus d\u2019edifici i el seu \u00fas. Actuem amb rapidesa, efic\u00e0cia i discreci\u00f3, assegurant temps m\u00ednims de resposta i [&hellip;]<\/p>","protected":false},"author":2,"featured_media":710,"parent":612,"menu_order":0,"comment_status":"closed","ping_status":"closed","template":"page-producte.php","meta":{"_acf_changed":false,"footnotes":""},"class_list":["post-449","page","type-page","status-publish","has-post-thumbnail","hentry"],"acf":[],"yoast_head":"<!-- This site is optimized with the Yoast SEO plugin v26.7 - https:\/\/yoast.com\/wordpress\/plugins\/seo\/ -->\n<title>Manteniment integral - APerez Instal\u00b7lacions<\/title>\n<meta name=\"robots\" content=\"noindex, follow, max-snippet:-1, max-image-preview:large, max-video-preview:-1\" \/>\n<meta property=\"og:locale\" content=\"es_ES\" \/>\n<meta property=\"og:type\" content=\"article\" \/>\n<meta property=\"og:title\" content=\"Manteniment integral - APerez Instal\u00b7lacions\" \/>\n<meta property=\"og:description\" content=\"Un bon manteniment garanteix la continu\u00eftat del servei i allarga la vida \u00fatil de les instal\u00b7lacions. Per aix\u00f2 oferim serveis de manteniment preventiu i correctiu per a totes les instal\u00b7lacions que realitzem, amb protocols personalitzats segons el tipus d\u2019edifici i el seu \u00fas. Actuem amb rapidesa, efic\u00e0cia i discreci\u00f3, assegurant temps m\u00ednims de resposta i [&hellip;]\" \/>\n<meta property=\"og:url\" content=\"https:\/\/instalacions.planetaries.cat\/es\/serveis\/manteniment-integral\/\" \/>\n<meta property=\"og:site_name\" content=\"APerez Instal\u00b7lacions\" \/>\n<meta property=\"article:modified_time\" content=\"2026-01-21T12:59:28+00:00\" \/>\n<meta property=\"og:image\" content=\"http:\/\/instalacions.planetaries.cat\/wp-content\/uploads\/2026\/01\/Gemini_Generated_Image_6xfa0d6xfa0d6xfa-1-1024x559.png\" \/>\n\t<meta property=\"og:image:width\" content=\"1024\" \/>\n\t<meta property=\"og:image:height\" content=\"559\" \/>\n\t<meta property=\"og:image:type\" content=\"image\/png\" \/>\n<meta name=\"twitter:card\" content=\"summary_large_image\" \/>\n<meta name=\"twitter:label1\" content=\"Tiempo de lectura\" \/>\n\t<meta name=\"twitter:data1\" content=\"1 minuto\" \/>\n<script type=\"application\/ld+json\" class=\"yoast-schema-graph\">{\"@context\":\"https:\/\/schema.org\",\"@graph\":[{\"@type\":\"WebPage\",\"@id\":\"https:\/\/instalacions.planetaries.cat\/serveis\/manteniment-integral\/\",\"url\":\"https:\/\/instalacions.planetaries.cat\/serveis\/manteniment-integral\/\",\"name\":\"Manteniment integral - APerez Instal\u00b7lacions\",\"isPartOf\":{\"@id\":\"https:\/\/instalacions.planetaries.cat\/#website\"},\"primaryImageOfPage\":{\"@id\":\"https:\/\/instalacions.planetaries.cat\/serveis\/manteniment-integral\/#primaryimage\"},\"image\":{\"@id\":\"https:\/\/instalacions.planetaries.cat\/serveis\/manteniment-integral\/#primaryimage\"},\"thumbnailUrl\":\"https:\/\/instalacions.planetaries.cat\/wp-content\/uploads\/2026\/01\/Gemini_Generated_Image_6xfa0d6xfa0d6xfa-1-scaled.png\",\"datePublished\":\"2026-01-13T09:57:36+00:00\",\"dateModified\":\"2026-01-21T12:59:28+00:00\",\"breadcrumb\":{\"@id\":\"https:\/\/instalacions.planetaries.cat\/serveis\/manteniment-integral\/#breadcrumb\"},\"inLanguage\":\"es\",\"potentialAction\":[{\"@type\":\"ReadAction\",\"target\":[\"https:\/\/instalacions.planetaries.cat\/serveis\/manteniment-integral\/\"]}]},{\"@type\":\"ImageObject\",\"inLanguage\":\"es\",\"@id\":\"https:\/\/instalacions.planetaries.cat\/serveis\/manteniment-integral\/#primaryimage\",\"url\":\"https:\/\/instalacions.planetaries.cat\/wp-content\/uploads\/2026\/01\/Gemini_Generated_Image_6xfa0d6xfa0d6xfa-1-scaled.png\",\"contentUrl\":\"https:\/\/instalacions.planetaries.cat\/wp-content\/uploads\/2026\/01\/Gemini_Generated_Image_6xfa0d6xfa0d6xfa-1-scaled.png\",\"width\":2560,\"height\":1396},{\"@type\":\"BreadcrumbList\",\"@id\":\"https:\/\/instalacions.planetaries.cat\/serveis\/manteniment-integral\/#breadcrumb\",\"itemListElement\":[{\"@type\":\"ListItem\",\"position\":1,\"name\":\"Portada\",\"item\":\"https:\/\/instalacions.planetaries.cat\/\"},{\"@type\":\"ListItem\",\"position\":2,\"name\":\"Serveis\",\"item\":\"https:\/\/instalacions.planetaries.cat\/serveis\/\"},{\"@type\":\"ListItem\",\"position\":3,\"name\":\"Manteniment integral\"}]},{\"@type\":\"WebSite\",\"@id\":\"https:\/\/instalacions.planetaries.cat\/#website\",\"url\":\"https:\/\/instalacions.planetaries.cat\/\",\"name\":\"APerez Instal\u00b7lacions\",\"description\":\"Solucions t\u00e8cniques integrals en lampisteria per a oficines, naus, franqu\u00edcies, grans superf\u00edcies i habitatges exclusius.\",\"potentialAction\":[{\"@type\":\"SearchAction\",\"target\":{\"@type\":\"EntryPoint\",\"urlTemplate\":\"https:\/\/instalacions.planetaries.cat\/?s={search_term_string}\"},\"query-input\":{\"@type\":\"PropertyValueSpecification\",\"valueRequired\":true,\"valueName\":\"search_term_string\"}}],\"inLanguage\":\"es\"}]}<\/script>\n<!-- \/ Yoast SEO plugin. -->","yoast_head_json":{"title":"Manteniment integral - APerez Instal\u00b7lacions","robots":{"index":"noindex","follow":"follow","max-snippet":"max-snippet:-1","max-image-preview":"max-image-preview:large","max-video-preview":"max-video-preview:-1"},"og_locale":"es_ES","og_type":"article","og_title":"Manteniment integral - APerez Instal\u00b7lacions","og_description":"Un bon manteniment garanteix la continu\u00eftat del servei i allarga la vida \u00fatil de les instal\u00b7lacions. Per aix\u00f2 oferim serveis de manteniment preventiu i correctiu per a totes les instal\u00b7lacions que realitzem, amb protocols personalitzats segons el tipus d\u2019edifici i el seu \u00fas. Actuem amb rapidesa, efic\u00e0cia i discreci\u00f3, assegurant temps m\u00ednims de resposta i [&hellip;]","og_url":"https:\/\/instalacions.planetaries.cat\/es\/serveis\/manteniment-integral\/","og_site_name":"APerez Instal\u00b7lacions","article_modified_time":"2026-01-21T12:59:28+00:00","og_image":[{"width":1024,"height":559,"url":"http:\/\/instalacions.planetaries.cat\/wp-content\/uploads\/2026\/01\/Gemini_Generated_Image_6xfa0d6xfa0d6xfa-1-1024x559.png","type":"image\/png"}],"twitter_card":"summary_large_image","twitter_misc":{"Tiempo de lectura":"1 minuto"},"schema":{"@context":"https:\/\/schema.org","@graph":[{"@type":"WebPage","@id":"https:\/\/instalacions.planetaries.cat\/serveis\/manteniment-integral\/","url":"https:\/\/instalacions.planetaries.cat\/serveis\/manteniment-integral\/","name":"Manteniment integral - APerez Instal\u00b7lacions","isPartOf":{"@id":"https:\/\/instalacions.planetaries.cat\/#website"},"primaryImageOfPage":{"@id":"https:\/\/instalacions.planetaries.cat\/serveis\/manteniment-integral\/#primaryimage"},"image":{"@id":"https:\/\/instalacions.planetaries.cat\/serveis\/manteniment-integral\/#primaryimage"},"thumbnailUrl":"https:\/\/instalacions.planetaries.cat\/wp-content\/uploads\/2026\/01\/Gemini_Generated_Image_6xfa0d6xfa0d6xfa-1-scaled.png","datePublished":"2026-01-13T09:57:36+00:00","dateModified":"2026-01-21T12:59:28+00:00","breadcrumb":{"@id":"https:\/\/instalacions.planetaries.cat\/serveis\/manteniment-integral\/#breadcrumb"},"inLanguage":"es","potentialAction":[{"@type":"ReadAction","target":["https:\/\/instalacions.planetaries.cat\/serveis\/manteniment-integral\/"]}]},{"@type":"ImageObject","inLanguage":"es","@id":"https:\/\/instalacions.planetaries.cat\/serveis\/manteniment-integral\/#primaryimage","url":"https:\/\/instalacions.planetaries.cat\/wp-content\/uploads\/2026\/01\/Gemini_Generated_Image_6xfa0d6xfa0d6xfa-1-scaled.png","contentUrl":"https:\/\/instalacions.planetaries.cat\/wp-content\/uploads\/2026\/01\/Gemini_Generated_Image_6xfa0d6xfa0d6xfa-1-scaled.png","width":2560,"height":1396},{"@type":"BreadcrumbList","@id":"https:\/\/instalacions.planetaries.cat\/serveis\/manteniment-integral\/#breadcrumb","itemListElement":[{"@type":"ListItem","position":1,"name":"Portada","item":"https:\/\/instalacions.planetaries.cat\/"},{"@type":"ListItem","position":2,"name":"Serveis","item":"https:\/\/instalacions.planetaries.cat\/serveis\/"},{"@type":"ListItem","position":3,"name":"Manteniment integral"}]},{"@type":"WebSite","@id":"https:\/\/instalacions.planetaries.cat\/#website","url":"https:\/\/instalacions.planetaries.cat\/","name":"APerez Instal\u00b7lacions","description":"Solucions t\u00e8cniques integrals en lampisteria per a oficines, naus, franqu\u00edcies, grans superf\u00edcies i habitatges exclusius.","potentialAction":[{"@type":"SearchAction","target":{"@type":"EntryPoint","urlTemplate":"https:\/\/instalacions.planetaries.cat\/?s={search_term_string}"},"query-input":{"@type":"PropertyValueSpecification","valueRequired":true,"valueName":"search_term_string"}}],"inLanguage":"es"}]}},"_links":{"self":[{"href":"https:\/\/instalacions.planetaries.cat\/es\/wp-json\/wp\/v2\/pages\/449","targetHints":{"allow":["GET"]}}],"collection":[{"href":"https:\/\/instalacions.planetaries.cat\/es\/wp-json\/wp\/v2\/pages"}],"about":[{"href":"https:\/\/instalacions.planetaries.cat\/es\/wp-json\/wp\/v2\/types\/page"}],"author":[{"embeddable":true,"href":"https:\/\/instalacions.planetaries.cat\/es\/wp-json\/wp\/v2\/users\/2"}],"replies":[{"embeddable":true,"href":"https:\/\/instalacions.planetaries.cat\/es\/wp-json\/wp\/v2\/comments?post=449"}],"version-history":[{"count":10,"href":"https:\/\/instalacions.planetaries.cat\/es\/wp-json\/wp\/v2\/pages\/449\/revisions"}],"predecessor-version":[{"id":719,"href":"https:\/\/instalacions.planetaries.cat\/es\/wp-json\/wp\/v2\/pages\/449\/revisions\/719"}],"up":[{"embeddable":true,"href":"https:\/\/instalacions.planetaries.cat\/es\/wp-json\/wp\/v2\/pages\/612"}],"wp:featuredmedia":[{"embeddable":true,"href":"https:\/\/instalacions.planetaries.cat\/es\/wp-json\/wp\/v2\/media\/710"}],"wp:attachment":[{"href":"https:\/\/instalacions.planetaries.cat\/es\/wp-json\/wp\/v2\/media?parent=449"}],"curies":[{"name":"wp","href":"https:\/\/api.w.org\/{rel}","templated":true}]}}