{"id":475,"date":"2026-01-13T10:50:22","date_gmt":"2026-01-13T10:50:22","guid":{"rendered":"http:\/\/instalacions.planetaries.cat\/?page_id=475"},"modified":"2026-01-21T12:55:31","modified_gmt":"2026-01-21T12:55:31","slug":"fontaneria-i-sanejament","status":"publish","type":"page","link":"https:\/\/instalacions.planetaries.cat\/es\/serveis\/fontaneria-i-sanejament\/","title":{"rendered":"Fontaneria i sanejament"},"content":{"rendered":"<p>Aportem solucions de fontaneria adaptades a cada entorn: oficines, botigues, restaurants, habitatges de luxe o naus industrials. Dissenyem i executem i<strong>nstal\u00b7lacions d\u2019aigua sanit\u00e0ria freda i calenta, sistemes de desgu\u00e0s, sanejament, tractament d\u2019aig\u00fces i xarxes internes<\/strong>, garantint un funcionament eficient, discret i adaptat a la normativa t\u00e8cnica vigent.<\/p>\n<p>Estem especialitzats en espais on la instal\u00b7laci\u00f3 ha d\u2019integrar-se est\u00e8ticament, com banys d\u2019oficines corporatives, cuines professionals o espais residencials d\u2019alta gamma. Utilitzem materials duradors, sistemes ocults i equips de control de cabals i pressions per garantir el m\u00e0xim rendiment i estalvi. La nostra intervenci\u00f3 es fa sempre amb el m\u00ednim impacte sobre l\u2019obra i en coordinaci\u00f3 amb la resta d\u2019equips.<\/p>\n<h2><strong>Disseny i execuci\u00f3 de sistemes d\u2019aigua, desgu\u00e0s i sanejament eficients i duradors<\/strong><\/h2>","protected":false},"excerpt":{"rendered":"<p>Aportem solucions de fontaneria adaptades a cada entorn: oficines, botigues, restaurants, habitatges de luxe o naus industrials. Dissenyem i executem instal\u00b7lacions d\u2019aigua sanit\u00e0ria freda i calenta, sistemes de desgu\u00e0s, sanejament, tractament d\u2019aig\u00fces i xarxes internes, garantint un funcionament eficient, discret i adaptat a la normativa t\u00e8cnica vigent. Estem especialitzats en espais on la instal\u00b7laci\u00f3 ha [&hellip;]<\/p>","protected":false},"author":2,"featured_media":717,"parent":612,"menu_order":0,"comment_status":"closed","ping_status":"closed","template":"page-producte.php","meta":{"_acf_changed":false,"footnotes":""},"class_list":["post-475","page","type-page","status-publish","has-post-thumbnail","hentry"],"acf":[],"yoast_head":"<!-- This site is optimized with the Yoast SEO plugin v26.7 - https:\/\/yoast.com\/wordpress\/plugins\/seo\/ -->\n<title>Fontaneria i sanejament - APerez Instal\u00b7lacions<\/title>\n<meta name=\"robots\" content=\"noindex, follow, max-snippet:-1, max-image-preview:large, max-video-preview:-1\" \/>\n<meta property=\"og:locale\" content=\"es_ES\" \/>\n<meta property=\"og:type\" content=\"article\" \/>\n<meta property=\"og:title\" content=\"Fontaneria i sanejament - APerez Instal\u00b7lacions\" \/>\n<meta property=\"og:description\" content=\"Aportem solucions de fontaneria adaptades a cada entorn: oficines, botigues, restaurants, habitatges de luxe o naus industrials. Dissenyem i executem instal\u00b7lacions d\u2019aigua sanit\u00e0ria freda i calenta, sistemes de desgu\u00e0s, sanejament, tractament d\u2019aig\u00fces i xarxes internes, garantint un funcionament eficient, discret i adaptat a la normativa t\u00e8cnica vigent. Estem especialitzats en espais on la instal\u00b7laci\u00f3 ha [&hellip;]\" \/>\n<meta property=\"og:url\" content=\"https:\/\/instalacions.planetaries.cat\/es\/serveis\/fontaneria-i-sanejament\/\" \/>\n<meta property=\"og:site_name\" content=\"APerez Instal\u00b7lacions\" \/>\n<meta property=\"article:modified_time\" content=\"2026-01-21T12:55:31+00:00\" \/>\n<meta property=\"og:image\" content=\"http:\/\/instalacions.planetaries.cat\/wp-content\/uploads\/2026\/01\/Gemini_Generated_Image_6xfa0d6xfa0d6xfa-3-1024x559.png\" \/>\n\t<meta property=\"og:image:width\" content=\"1024\" \/>\n\t<meta property=\"og:image:height\" content=\"559\" \/>\n\t<meta property=\"og:image:type\" content=\"image\/png\" \/>\n<meta name=\"twitter:card\" content=\"summary_large_image\" \/>\n<meta name=\"twitter:label1\" content=\"Tiempo de lectura\" \/>\n\t<meta name=\"twitter:data1\" content=\"1 minuto\" \/>\n<script type=\"application\/ld+json\" class=\"yoast-schema-graph\">{\"@context\":\"https:\/\/schema.org\",\"@graph\":[{\"@type\":\"WebPage\",\"@id\":\"https:\/\/instalacions.planetaries.cat\/serveis\/fontaneria-i-sanejament\/\",\"url\":\"https:\/\/instalacions.planetaries.cat\/serveis\/fontaneria-i-sanejament\/\",\"name\":\"Fontaneria i sanejament - APerez Instal\u00b7lacions\",\"isPartOf\":{\"@id\":\"https:\/\/instalacions.planetaries.cat\/#website\"},\"primaryImageOfPage\":{\"@id\":\"https:\/\/instalacions.planetaries.cat\/serveis\/fontaneria-i-sanejament\/#primaryimage\"},\"image\":{\"@id\":\"https:\/\/instalacions.planetaries.cat\/serveis\/fontaneria-i-sanejament\/#primaryimage\"},\"thumbnailUrl\":\"https:\/\/instalacions.planetaries.cat\/wp-content\/uploads\/2026\/01\/Gemini_Generated_Image_6xfa0d6xfa0d6xfa-3-scaled.png\",\"datePublished\":\"2026-01-13T10:50:22+00:00\",\"dateModified\":\"2026-01-21T12:55:31+00:00\",\"breadcrumb\":{\"@id\":\"https:\/\/instalacions.planetaries.cat\/serveis\/fontaneria-i-sanejament\/#breadcrumb\"},\"inLanguage\":\"es\",\"potentialAction\":[{\"@type\":\"ReadAction\",\"target\":[\"https:\/\/instalacions.planetaries.cat\/serveis\/fontaneria-i-sanejament\/\"]}]},{\"@type\":\"ImageObject\",\"inLanguage\":\"es\",\"@id\":\"https:\/\/instalacions.planetaries.cat\/serveis\/fontaneria-i-sanejament\/#primaryimage\",\"url\":\"https:\/\/instalacions.planetaries.cat\/wp-content\/uploads\/2026\/01\/Gemini_Generated_Image_6xfa0d6xfa0d6xfa-3-scaled.png\",\"contentUrl\":\"https:\/\/instalacions.planetaries.cat\/wp-content\/uploads\/2026\/01\/Gemini_Generated_Image_6xfa0d6xfa0d6xfa-3-scaled.png\",\"width\":2560,\"height\":1396},{\"@type\":\"BreadcrumbList\",\"@id\":\"https:\/\/instalacions.planetaries.cat\/serveis\/fontaneria-i-sanejament\/#breadcrumb\",\"itemListElement\":[{\"@type\":\"ListItem\",\"position\":1,\"name\":\"Portada\",\"item\":\"https:\/\/instalacions.planetaries.cat\/\"},{\"@type\":\"ListItem\",\"position\":2,\"name\":\"Serveis\",\"item\":\"https:\/\/instalacions.planetaries.cat\/serveis\/\"},{\"@type\":\"ListItem\",\"position\":3,\"name\":\"Fontaneria i sanejament\"}]},{\"@type\":\"WebSite\",\"@id\":\"https:\/\/instalacions.planetaries.cat\/#website\",\"url\":\"https:\/\/instalacions.planetaries.cat\/\",\"name\":\"APerez Instal\u00b7lacions\",\"description\":\"Solucions t\u00e8cniques integrals en lampisteria per a oficines, naus, franqu\u00edcies, grans superf\u00edcies i habitatges exclusius.\",\"potentialAction\":[{\"@type\":\"SearchAction\",\"target\":{\"@type\":\"EntryPoint\",\"urlTemplate\":\"https:\/\/instalacions.planetaries.cat\/?s={search_term_string}\"},\"query-input\":{\"@type\":\"PropertyValueSpecification\",\"valueRequired\":true,\"valueName\":\"search_term_string\"}}],\"inLanguage\":\"es\"}]}<\/script>\n<!-- \/ Yoast SEO plugin. -->","yoast_head_json":{"title":"Fontaneria i sanejament - APerez Instal\u00b7lacions","robots":{"index":"noindex","follow":"follow","max-snippet":"max-snippet:-1","max-image-preview":"max-image-preview:large","max-video-preview":"max-video-preview:-1"},"og_locale":"es_ES","og_type":"article","og_title":"Fontaneria i sanejament - APerez Instal\u00b7lacions","og_description":"Aportem solucions de fontaneria adaptades a cada entorn: oficines, botigues, restaurants, habitatges de luxe o naus industrials. Dissenyem i executem instal\u00b7lacions d\u2019aigua sanit\u00e0ria freda i calenta, sistemes de desgu\u00e0s, sanejament, tractament d\u2019aig\u00fces i xarxes internes, garantint un funcionament eficient, discret i adaptat a la normativa t\u00e8cnica vigent. Estem especialitzats en espais on la instal\u00b7laci\u00f3 ha [&hellip;]","og_url":"https:\/\/instalacions.planetaries.cat\/es\/serveis\/fontaneria-i-sanejament\/","og_site_name":"APerez Instal\u00b7lacions","article_modified_time":"2026-01-21T12:55:31+00:00","og_image":[{"width":1024,"height":559,"url":"http:\/\/instalacions.planetaries.cat\/wp-content\/uploads\/2026\/01\/Gemini_Generated_Image_6xfa0d6xfa0d6xfa-3-1024x559.png","type":"image\/png"}],"twitter_card":"summary_large_image","twitter_misc":{"Tiempo de lectura":"1 minuto"},"schema":{"@context":"https:\/\/schema.org","@graph":[{"@type":"WebPage","@id":"https:\/\/instalacions.planetaries.cat\/serveis\/fontaneria-i-sanejament\/","url":"https:\/\/instalacions.planetaries.cat\/serveis\/fontaneria-i-sanejament\/","name":"Fontaneria i sanejament - APerez Instal\u00b7lacions","isPartOf":{"@id":"https:\/\/instalacions.planetaries.cat\/#website"},"primaryImageOfPage":{"@id":"https:\/\/instalacions.planetaries.cat\/serveis\/fontaneria-i-sanejament\/#primaryimage"},"image":{"@id":"https:\/\/instalacions.planetaries.cat\/serveis\/fontaneria-i-sanejament\/#primaryimage"},"thumbnailUrl":"https:\/\/instalacions.planetaries.cat\/wp-content\/uploads\/2026\/01\/Gemini_Generated_Image_6xfa0d6xfa0d6xfa-3-scaled.png","datePublished":"2026-01-13T10:50:22+00:00","dateModified":"2026-01-21T12:55:31+00:00","breadcrumb":{"@id":"https:\/\/instalacions.planetaries.cat\/serveis\/fontaneria-i-sanejament\/#breadcrumb"},"inLanguage":"es","potentialAction":[{"@type":"ReadAction","target":["https:\/\/instalacions.planetaries.cat\/serveis\/fontaneria-i-sanejament\/"]}]},{"@type":"ImageObject","inLanguage":"es","@id":"https:\/\/instalacions.planetaries.cat\/serveis\/fontaneria-i-sanejament\/#primaryimage","url":"https:\/\/instalacions.planetaries.cat\/wp-content\/uploads\/2026\/01\/Gemini_Generated_Image_6xfa0d6xfa0d6xfa-3-scaled.png","contentUrl":"https:\/\/instalacions.planetaries.cat\/wp-content\/uploads\/2026\/01\/Gemini_Generated_Image_6xfa0d6xfa0d6xfa-3-scaled.png","width":2560,"height":1396},{"@type":"BreadcrumbList","@id":"https:\/\/instalacions.planetaries.cat\/serveis\/fontaneria-i-sanejament\/#breadcrumb","itemListElement":[{"@type":"ListItem","position":1,"name":"Portada","item":"https:\/\/instalacions.planetaries.cat\/"},{"@type":"ListItem","position":2,"name":"Serveis","item":"https:\/\/instalacions.planetaries.cat\/serveis\/"},{"@type":"ListItem","position":3,"name":"Fontaneria i sanejament"}]},{"@type":"WebSite","@id":"https:\/\/instalacions.planetaries.cat\/#website","url":"https:\/\/instalacions.planetaries.cat\/","name":"APerez Instal\u00b7lacions","description":"Solucions t\u00e8cniques integrals en lampisteria per a oficines, naus, franqu\u00edcies, grans superf\u00edcies i habitatges exclusius.","potentialAction":[{"@type":"SearchAction","target":{"@type":"EntryPoint","urlTemplate":"https:\/\/instalacions.planetaries.cat\/?s={search_term_string}"},"query-input":{"@type":"PropertyValueSpecification","valueRequired":true,"valueName":"search_term_string"}}],"inLanguage":"es"}]}},"_links":{"self":[{"href":"https:\/\/instalacions.planetaries.cat\/es\/wp-json\/wp\/v2\/pages\/475","targetHints":{"allow":["GET"]}}],"collection":[{"href":"https:\/\/instalacions.planetaries.cat\/es\/wp-json\/wp\/v2\/pages"}],"about":[{"href":"https:\/\/instalacions.planetaries.cat\/es\/wp-json\/wp\/v2\/types\/page"}],"author":[{"embeddable":true,"href":"https:\/\/instalacions.planetaries.cat\/es\/wp-json\/wp\/v2\/users\/2"}],"replies":[{"embeddable":true,"href":"https:\/\/instalacions.planetaries.cat\/es\/wp-json\/wp\/v2\/comments?post=475"}],"version-history":[{"count":6,"href":"https:\/\/instalacions.planetaries.cat\/es\/wp-json\/wp\/v2\/pages\/475\/revisions"}],"predecessor-version":[{"id":718,"href":"https:\/\/instalacions.planetaries.cat\/es\/wp-json\/wp\/v2\/pages\/475\/revisions\/718"}],"up":[{"embeddable":true,"href":"https:\/\/instalacions.planetaries.cat\/es\/wp-json\/wp\/v2\/pages\/612"}],"wp:featuredmedia":[{"embeddable":true,"href":"https:\/\/instalacions.planetaries.cat\/es\/wp-json\/wp\/v2\/media\/717"}],"wp:attachment":[{"href":"https:\/\/instalacions.planetaries.cat\/es\/wp-json\/wp\/v2\/media?parent=475"}],"curies":[{"name":"wp","href":"https:\/\/api.w.org\/{rel}","templated":true}]}}