{"id":488,"date":"2026-01-13T11:10:57","date_gmt":"2026-01-13T11:10:57","guid":{"rendered":"http:\/\/instalacions.planetaries.cat\/?page_id=488"},"modified":"2026-01-21T12:45:23","modified_gmt":"2026-01-21T12:45:23","slug":"climatitzacio-i-ventilacio","status":"publish","type":"page","link":"https:\/\/instalacions.planetaries.cat\/es\/serveis\/climatitzacio-i-ventilacio\/","title":{"rendered":"Climatitzaci\u00f3 i ventilaci\u00f3"},"content":{"rendered":"<p>El confort t\u00e8rmic \u00e9s clau per a l\u2019experi\u00e8ncia de l\u2019usuari, tant en entorns comercials com corporatius o residencials de gamma alta. A <strong>APerez Instal\u00b7lacions<\/strong> projectem i executem sistemes de climatitzaci\u00f3 eficients, discrets i de baix consum, utilitzant tecnologia inverter, aerot\u00e8rmia i sistemes centralitzats VRV\/VRF per a grans superf\u00edcies o espais amb control zonificat.<\/p>\n<p>Treballem en <strong>restaurants, oficines, naus, locals comercials i habitatges exclusius<\/strong> on el disseny interior \u00e9s essencial, integrant conductes, m\u00e0quines i sortides d\u2019aire de forma imperceptible. Tamb\u00e9 desenvolupem sistemes de ventilaci\u00f3 i renovaci\u00f3 d\u2019aire mec\u00e0nica, complint amb normatives de salubritat i efici\u00e8ncia energ\u00e8tica. El nostre equip t\u00e8cnic est\u00e0 preparat per assessorar des de la fase de projecte fins a la posta en marxa.<\/p>\n<h2><strong>Solucions de climatitzaci\u00f3 adaptades a l\u2019\u00fas, el disseny i les necessitats de cada projecte.<\/strong><\/h2>","protected":false},"excerpt":{"rendered":"<p>El confort t\u00e8rmic \u00e9s clau per a l\u2019experi\u00e8ncia de l\u2019usuari, tant en entorns comercials com corporatius o residencials de gamma alta. A APerez Instal\u00b7lacions projectem i executem sistemes de climatitzaci\u00f3 eficients, discrets i de baix consum, utilitzant tecnologia inverter, aerot\u00e8rmia i sistemes centralitzats VRV\/VRF per a grans superf\u00edcies o espais amb control zonificat. Treballem en [&hellip;]<\/p>","protected":false},"author":2,"featured_media":712,"parent":612,"menu_order":0,"comment_status":"closed","ping_status":"closed","template":"page-producte.php","meta":{"_acf_changed":false,"footnotes":""},"class_list":["post-488","page","type-page","status-publish","has-post-thumbnail","hentry"],"acf":[],"yoast_head":"<!-- This site is optimized with the Yoast SEO plugin v26.7 - https:\/\/yoast.com\/wordpress\/plugins\/seo\/ -->\n<title>Climatitzaci\u00f3 i ventilaci\u00f3 - APerez Instal\u00b7lacions<\/title>\n<meta name=\"robots\" content=\"noindex, follow, max-snippet:-1, max-image-preview:large, max-video-preview:-1\" \/>\n<meta property=\"og:locale\" content=\"es_ES\" \/>\n<meta property=\"og:type\" content=\"article\" \/>\n<meta property=\"og:title\" content=\"Climatitzaci\u00f3 i ventilaci\u00f3 - APerez Instal\u00b7lacions\" \/>\n<meta property=\"og:description\" content=\"El confort t\u00e8rmic \u00e9s clau per a l\u2019experi\u00e8ncia de l\u2019usuari, tant en entorns comercials com corporatius o residencials de gamma alta. A APerez Instal\u00b7lacions projectem i executem sistemes de climatitzaci\u00f3 eficients, discrets i de baix consum, utilitzant tecnologia inverter, aerot\u00e8rmia i sistemes centralitzats VRV\/VRF per a grans superf\u00edcies o espais amb control zonificat. Treballem en [&hellip;]\" \/>\n<meta property=\"og:url\" content=\"https:\/\/instalacions.planetaries.cat\/es\/serveis\/climatitzacio-i-ventilacio\/\" \/>\n<meta property=\"og:site_name\" content=\"APerez Instal\u00b7lacions\" \/>\n<meta property=\"article:modified_time\" content=\"2026-01-21T12:45:23+00:00\" \/>\n<meta property=\"og:image\" content=\"http:\/\/instalacions.planetaries.cat\/wp-content\/uploads\/2026\/01\/Gemini_Generated_Image_6xfa0d6xfa0d6xfa-4-1024x559.png\" \/>\n\t<meta property=\"og:image:width\" content=\"1024\" \/>\n\t<meta property=\"og:image:height\" content=\"559\" \/>\n\t<meta property=\"og:image:type\" content=\"image\/png\" \/>\n<meta name=\"twitter:card\" content=\"summary_large_image\" \/>\n<meta name=\"twitter:label1\" content=\"Tiempo de lectura\" \/>\n\t<meta name=\"twitter:data1\" content=\"1 minuto\" \/>\n<script type=\"application\/ld+json\" class=\"yoast-schema-graph\">{\"@context\":\"https:\/\/schema.org\",\"@graph\":[{\"@type\":\"WebPage\",\"@id\":\"https:\/\/instalacions.planetaries.cat\/serveis\/climatitzacio-i-ventilacio\/\",\"url\":\"https:\/\/instalacions.planetaries.cat\/serveis\/climatitzacio-i-ventilacio\/\",\"name\":\"Climatitzaci\u00f3 i ventilaci\u00f3 - APerez Instal\u00b7lacions\",\"isPartOf\":{\"@id\":\"https:\/\/instalacions.planetaries.cat\/#website\"},\"primaryImageOfPage\":{\"@id\":\"https:\/\/instalacions.planetaries.cat\/serveis\/climatitzacio-i-ventilacio\/#primaryimage\"},\"image\":{\"@id\":\"https:\/\/instalacions.planetaries.cat\/serveis\/climatitzacio-i-ventilacio\/#primaryimage\"},\"thumbnailUrl\":\"https:\/\/instalacions.planetaries.cat\/wp-content\/uploads\/2026\/01\/Gemini_Generated_Image_6xfa0d6xfa0d6xfa-4-scaled.png\",\"datePublished\":\"2026-01-13T11:10:57+00:00\",\"dateModified\":\"2026-01-21T12:45:23+00:00\",\"breadcrumb\":{\"@id\":\"https:\/\/instalacions.planetaries.cat\/serveis\/climatitzacio-i-ventilacio\/#breadcrumb\"},\"inLanguage\":\"es\",\"potentialAction\":[{\"@type\":\"ReadAction\",\"target\":[\"https:\/\/instalacions.planetaries.cat\/serveis\/climatitzacio-i-ventilacio\/\"]}]},{\"@type\":\"ImageObject\",\"inLanguage\":\"es\",\"@id\":\"https:\/\/instalacions.planetaries.cat\/serveis\/climatitzacio-i-ventilacio\/#primaryimage\",\"url\":\"https:\/\/instalacions.planetaries.cat\/wp-content\/uploads\/2026\/01\/Gemini_Generated_Image_6xfa0d6xfa0d6xfa-4-scaled.png\",\"contentUrl\":\"https:\/\/instalacions.planetaries.cat\/wp-content\/uploads\/2026\/01\/Gemini_Generated_Image_6xfa0d6xfa0d6xfa-4-scaled.png\",\"width\":2560,\"height\":1396},{\"@type\":\"BreadcrumbList\",\"@id\":\"https:\/\/instalacions.planetaries.cat\/serveis\/climatitzacio-i-ventilacio\/#breadcrumb\",\"itemListElement\":[{\"@type\":\"ListItem\",\"position\":1,\"name\":\"Portada\",\"item\":\"https:\/\/instalacions.planetaries.cat\/\"},{\"@type\":\"ListItem\",\"position\":2,\"name\":\"Serveis\",\"item\":\"https:\/\/instalacions.planetaries.cat\/serveis\/\"},{\"@type\":\"ListItem\",\"position\":3,\"name\":\"Climatitzaci\u00f3 i ventilaci\u00f3\"}]},{\"@type\":\"WebSite\",\"@id\":\"https:\/\/instalacions.planetaries.cat\/#website\",\"url\":\"https:\/\/instalacions.planetaries.cat\/\",\"name\":\"APerez Instal\u00b7lacions\",\"description\":\"Solucions t\u00e8cniques integrals en lampisteria per a oficines, naus, franqu\u00edcies, grans superf\u00edcies i habitatges exclusius.\",\"potentialAction\":[{\"@type\":\"SearchAction\",\"target\":{\"@type\":\"EntryPoint\",\"urlTemplate\":\"https:\/\/instalacions.planetaries.cat\/?s={search_term_string}\"},\"query-input\":{\"@type\":\"PropertyValueSpecification\",\"valueRequired\":true,\"valueName\":\"search_term_string\"}}],\"inLanguage\":\"es\"}]}<\/script>\n<!-- \/ Yoast SEO plugin. -->","yoast_head_json":{"title":"Climatitzaci\u00f3 i ventilaci\u00f3 - APerez Instal\u00b7lacions","robots":{"index":"noindex","follow":"follow","max-snippet":"max-snippet:-1","max-image-preview":"max-image-preview:large","max-video-preview":"max-video-preview:-1"},"og_locale":"es_ES","og_type":"article","og_title":"Climatitzaci\u00f3 i ventilaci\u00f3 - APerez Instal\u00b7lacions","og_description":"El confort t\u00e8rmic \u00e9s clau per a l\u2019experi\u00e8ncia de l\u2019usuari, tant en entorns comercials com corporatius o residencials de gamma alta. A APerez Instal\u00b7lacions projectem i executem sistemes de climatitzaci\u00f3 eficients, discrets i de baix consum, utilitzant tecnologia inverter, aerot\u00e8rmia i sistemes centralitzats VRV\/VRF per a grans superf\u00edcies o espais amb control zonificat. Treballem en [&hellip;]","og_url":"https:\/\/instalacions.planetaries.cat\/es\/serveis\/climatitzacio-i-ventilacio\/","og_site_name":"APerez Instal\u00b7lacions","article_modified_time":"2026-01-21T12:45:23+00:00","og_image":[{"width":1024,"height":559,"url":"http:\/\/instalacions.planetaries.cat\/wp-content\/uploads\/2026\/01\/Gemini_Generated_Image_6xfa0d6xfa0d6xfa-4-1024x559.png","type":"image\/png"}],"twitter_card":"summary_large_image","twitter_misc":{"Tiempo de lectura":"1 minuto"},"schema":{"@context":"https:\/\/schema.org","@graph":[{"@type":"WebPage","@id":"https:\/\/instalacions.planetaries.cat\/serveis\/climatitzacio-i-ventilacio\/","url":"https:\/\/instalacions.planetaries.cat\/serveis\/climatitzacio-i-ventilacio\/","name":"Climatitzaci\u00f3 i ventilaci\u00f3 - APerez Instal\u00b7lacions","isPartOf":{"@id":"https:\/\/instalacions.planetaries.cat\/#website"},"primaryImageOfPage":{"@id":"https:\/\/instalacions.planetaries.cat\/serveis\/climatitzacio-i-ventilacio\/#primaryimage"},"image":{"@id":"https:\/\/instalacions.planetaries.cat\/serveis\/climatitzacio-i-ventilacio\/#primaryimage"},"thumbnailUrl":"https:\/\/instalacions.planetaries.cat\/wp-content\/uploads\/2026\/01\/Gemini_Generated_Image_6xfa0d6xfa0d6xfa-4-scaled.png","datePublished":"2026-01-13T11:10:57+00:00","dateModified":"2026-01-21T12:45:23+00:00","breadcrumb":{"@id":"https:\/\/instalacions.planetaries.cat\/serveis\/climatitzacio-i-ventilacio\/#breadcrumb"},"inLanguage":"es","potentialAction":[{"@type":"ReadAction","target":["https:\/\/instalacions.planetaries.cat\/serveis\/climatitzacio-i-ventilacio\/"]}]},{"@type":"ImageObject","inLanguage":"es","@id":"https:\/\/instalacions.planetaries.cat\/serveis\/climatitzacio-i-ventilacio\/#primaryimage","url":"https:\/\/instalacions.planetaries.cat\/wp-content\/uploads\/2026\/01\/Gemini_Generated_Image_6xfa0d6xfa0d6xfa-4-scaled.png","contentUrl":"https:\/\/instalacions.planetaries.cat\/wp-content\/uploads\/2026\/01\/Gemini_Generated_Image_6xfa0d6xfa0d6xfa-4-scaled.png","width":2560,"height":1396},{"@type":"BreadcrumbList","@id":"https:\/\/instalacions.planetaries.cat\/serveis\/climatitzacio-i-ventilacio\/#breadcrumb","itemListElement":[{"@type":"ListItem","position":1,"name":"Portada","item":"https:\/\/instalacions.planetaries.cat\/"},{"@type":"ListItem","position":2,"name":"Serveis","item":"https:\/\/instalacions.planetaries.cat\/serveis\/"},{"@type":"ListItem","position":3,"name":"Climatitzaci\u00f3 i ventilaci\u00f3"}]},{"@type":"WebSite","@id":"https:\/\/instalacions.planetaries.cat\/#website","url":"https:\/\/instalacions.planetaries.cat\/","name":"APerez Instal\u00b7lacions","description":"Solucions t\u00e8cniques integrals en lampisteria per a oficines, naus, franqu\u00edcies, grans superf\u00edcies i habitatges exclusius.","potentialAction":[{"@type":"SearchAction","target":{"@type":"EntryPoint","urlTemplate":"https:\/\/instalacions.planetaries.cat\/?s={search_term_string}"},"query-input":{"@type":"PropertyValueSpecification","valueRequired":true,"valueName":"search_term_string"}}],"inLanguage":"es"}]}},"_links":{"self":[{"href":"https:\/\/instalacions.planetaries.cat\/es\/wp-json\/wp\/v2\/pages\/488","targetHints":{"allow":["GET"]}}],"collection":[{"href":"https:\/\/instalacions.planetaries.cat\/es\/wp-json\/wp\/v2\/pages"}],"about":[{"href":"https:\/\/instalacions.planetaries.cat\/es\/wp-json\/wp\/v2\/types\/page"}],"author":[{"embeddable":true,"href":"https:\/\/instalacions.planetaries.cat\/es\/wp-json\/wp\/v2\/users\/2"}],"replies":[{"embeddable":true,"href":"https:\/\/instalacions.planetaries.cat\/es\/wp-json\/wp\/v2\/comments?post=488"}],"version-history":[{"count":5,"href":"https:\/\/instalacions.planetaries.cat\/es\/wp-json\/wp\/v2\/pages\/488\/revisions"}],"predecessor-version":[{"id":711,"href":"https:\/\/instalacions.planetaries.cat\/es\/wp-json\/wp\/v2\/pages\/488\/revisions\/711"}],"up":[{"embeddable":true,"href":"https:\/\/instalacions.planetaries.cat\/es\/wp-json\/wp\/v2\/pages\/612"}],"wp:featuredmedia":[{"embeddable":true,"href":"https:\/\/instalacions.planetaries.cat\/es\/wp-json\/wp\/v2\/media\/712"}],"wp:attachment":[{"href":"https:\/\/instalacions.planetaries.cat\/es\/wp-json\/wp\/v2\/media?parent=488"}],"curies":[{"name":"wp","href":"https:\/\/api.w.org\/{rel}","templated":true}]}}