{"id":643,"date":"2026-01-20T14:17:17","date_gmt":"2026-01-20T14:17:17","guid":{"rendered":"https:\/\/instalacions.planetaries.cat\/?page_id=643"},"modified":"2026-01-21T08:58:12","modified_gmt":"2026-01-21T08:58:12","slug":"residencial-dalta-gamma","status":"publish","type":"page","link":"https:\/\/instalacions.planetaries.cat\/es\/sectors\/residencial-dalta-gamma\/","title":{"rendered":"Residencial d\u2019alta gamma"},"content":{"rendered":"<p>Treballem amb constructors i promotors especialitzats en habitatges d\u2019alt nivell, aportant solucions t\u00e8cniques de m\u00e0xima qualitat per a cada etapa del projecte. Des de la fase d\u2019estructura fins als acabats, garantim una execuci\u00f3 impecable, amb integraci\u00f3 perfecta de sistemes el\u00e8ctrics, climatitzaci\u00f3, telecomunicacions i energies renovables.<\/p>\n<p>Ens coordinem amb arquitectes i interioristes per assegurar que cada instal\u00b7laci\u00f3 s\u2019adapti al disseny i compleixi amb els est\u00e0ndards m\u00e9s exigents de confort, efici\u00e8ncia i est\u00e8tica. Cada habitatge \u00e9s \u00fanic, i aix\u00ed \u00e9s com treballem: amb rigor, confidencialitat i atenci\u00f3 al detall.<\/p>\n<h2><strong>Solucions integrals per a cases de luxe, edificis premium i reformes d\u2019alt standing.<\/strong><\/h2>","protected":false},"excerpt":{"rendered":"<p>Treballem amb constructors i promotors especialitzats en habitatges d\u2019alt nivell, aportant solucions t\u00e8cniques de m\u00e0xima qualitat per a cada etapa del projecte. Des de la fase d\u2019estructura fins als acabats, garantim una execuci\u00f3 impecable, amb integraci\u00f3 perfecta de sistemes el\u00e8ctrics, climatitzaci\u00f3, telecomunicacions i energies renovables. Ens coordinem amb arquitectes i interioristes per assegurar que cada [&hellip;]<\/p>","protected":false},"author":2,"featured_media":649,"parent":641,"menu_order":0,"comment_status":"closed","ping_status":"closed","template":"page-sectors.php","meta":{"_acf_changed":false,"footnotes":""},"class_list":["post-643","page","type-page","status-publish","has-post-thumbnail","hentry"],"acf":[],"yoast_head":"<!-- This site is optimized with the Yoast SEO plugin v26.7 - https:\/\/yoast.com\/wordpress\/plugins\/seo\/ -->\n<title>Residencial d\u2019alta gamma - APerez Instal\u00b7lacions<\/title>\n<meta name=\"robots\" content=\"noindex, follow, max-snippet:-1, max-image-preview:large, max-video-preview:-1\" \/>\n<meta property=\"og:locale\" content=\"es_ES\" \/>\n<meta property=\"og:type\" content=\"article\" \/>\n<meta property=\"og:title\" content=\"Residencial d\u2019alta gamma - APerez Instal\u00b7lacions\" \/>\n<meta property=\"og:description\" content=\"Treballem amb constructors i promotors especialitzats en habitatges d\u2019alt nivell, aportant solucions t\u00e8cniques de m\u00e0xima qualitat per a cada etapa del projecte. Des de la fase d\u2019estructura fins als acabats, garantim una execuci\u00f3 impecable, amb integraci\u00f3 perfecta de sistemes el\u00e8ctrics, climatitzaci\u00f3, telecomunicacions i energies renovables. Ens coordinem amb arquitectes i interioristes per assegurar que cada [&hellip;]\" \/>\n<meta property=\"og:url\" content=\"https:\/\/instalacions.planetaries.cat\/es\/sectors\/residencial-dalta-gamma\/\" \/>\n<meta property=\"og:site_name\" content=\"APerez Instal\u00b7lacions\" \/>\n<meta property=\"article:modified_time\" content=\"2026-01-21T08:58:12+00:00\" \/>\n<meta property=\"og:image\" content=\"http:\/\/instalacions.planetaries.cat\/wp-content\/uploads\/2026\/01\/HOUSE_BEST_MODERN_LA-ROCA_00013-scaled-e1768919090126.jpg\" \/>\n\t<meta property=\"og:image:width\" content=\"2560\" \/>\n\t<meta property=\"og:image:height\" content=\"1300\" \/>\n\t<meta property=\"og:image:type\" content=\"image\/jpeg\" \/>\n<meta name=\"twitter:card\" content=\"summary_large_image\" \/>\n<meta name=\"twitter:label1\" content=\"Tiempo de lectura\" \/>\n\t<meta name=\"twitter:data1\" content=\"1 minuto\" \/>\n<script type=\"application\/ld+json\" class=\"yoast-schema-graph\">{\"@context\":\"https:\/\/schema.org\",\"@graph\":[{\"@type\":\"WebPage\",\"@id\":\"https:\/\/instalacions.planetaries.cat\/sectors\/residencial-dalta-gamma\/\",\"url\":\"https:\/\/instalacions.planetaries.cat\/sectors\/residencial-dalta-gamma\/\",\"name\":\"Residencial d\u2019alta gamma - APerez Instal\u00b7lacions\",\"isPartOf\":{\"@id\":\"https:\/\/instalacions.planetaries.cat\/#website\"},\"primaryImageOfPage\":{\"@id\":\"https:\/\/instalacions.planetaries.cat\/sectors\/residencial-dalta-gamma\/#primaryimage\"},\"image\":{\"@id\":\"https:\/\/instalacions.planetaries.cat\/sectors\/residencial-dalta-gamma\/#primaryimage\"},\"thumbnailUrl\":\"https:\/\/instalacions.planetaries.cat\/wp-content\/uploads\/2026\/01\/HOUSE_BEST_MODERN_LA-ROCA_00013-scaled-e1768919090126.jpg\",\"datePublished\":\"2026-01-20T14:17:17+00:00\",\"dateModified\":\"2026-01-21T08:58:12+00:00\",\"breadcrumb\":{\"@id\":\"https:\/\/instalacions.planetaries.cat\/sectors\/residencial-dalta-gamma\/#breadcrumb\"},\"inLanguage\":\"es\",\"potentialAction\":[{\"@type\":\"ReadAction\",\"target\":[\"https:\/\/instalacions.planetaries.cat\/sectors\/residencial-dalta-gamma\/\"]}]},{\"@type\":\"ImageObject\",\"inLanguage\":\"es\",\"@id\":\"https:\/\/instalacions.planetaries.cat\/sectors\/residencial-dalta-gamma\/#primaryimage\",\"url\":\"https:\/\/instalacions.planetaries.cat\/wp-content\/uploads\/2026\/01\/HOUSE_BEST_MODERN_LA-ROCA_00013-scaled-e1768919090126.jpg\",\"contentUrl\":\"https:\/\/instalacions.planetaries.cat\/wp-content\/uploads\/2026\/01\/HOUSE_BEST_MODERN_LA-ROCA_00013-scaled-e1768919090126.jpg\",\"width\":2560,\"height\":1300},{\"@type\":\"BreadcrumbList\",\"@id\":\"https:\/\/instalacions.planetaries.cat\/sectors\/residencial-dalta-gamma\/#breadcrumb\",\"itemListElement\":[{\"@type\":\"ListItem\",\"position\":1,\"name\":\"Portada\",\"item\":\"https:\/\/instalacions.planetaries.cat\/\"},{\"@type\":\"ListItem\",\"position\":2,\"name\":\"Sectors\",\"item\":\"https:\/\/instalacions.planetaries.cat\/sectors\/\"},{\"@type\":\"ListItem\",\"position\":3,\"name\":\"Residencial d\u2019alta gamma\"}]},{\"@type\":\"WebSite\",\"@id\":\"https:\/\/instalacions.planetaries.cat\/#website\",\"url\":\"https:\/\/instalacions.planetaries.cat\/\",\"name\":\"APerez Instal\u00b7lacions\",\"description\":\"Solucions t\u00e8cniques integrals en lampisteria per a oficines, naus, franqu\u00edcies, grans superf\u00edcies i habitatges exclusius.\",\"potentialAction\":[{\"@type\":\"SearchAction\",\"target\":{\"@type\":\"EntryPoint\",\"urlTemplate\":\"https:\/\/instalacions.planetaries.cat\/?s={search_term_string}\"},\"query-input\":{\"@type\":\"PropertyValueSpecification\",\"valueRequired\":true,\"valueName\":\"search_term_string\"}}],\"inLanguage\":\"es\"}]}<\/script>\n<!-- \/ Yoast SEO plugin. -->","yoast_head_json":{"title":"Residencial d\u2019alta gamma - APerez Instal\u00b7lacions","robots":{"index":"noindex","follow":"follow","max-snippet":"max-snippet:-1","max-image-preview":"max-image-preview:large","max-video-preview":"max-video-preview:-1"},"og_locale":"es_ES","og_type":"article","og_title":"Residencial d\u2019alta gamma - APerez Instal\u00b7lacions","og_description":"Treballem amb constructors i promotors especialitzats en habitatges d\u2019alt nivell, aportant solucions t\u00e8cniques de m\u00e0xima qualitat per a cada etapa del projecte. Des de la fase d\u2019estructura fins als acabats, garantim una execuci\u00f3 impecable, amb integraci\u00f3 perfecta de sistemes el\u00e8ctrics, climatitzaci\u00f3, telecomunicacions i energies renovables. Ens coordinem amb arquitectes i interioristes per assegurar que cada [&hellip;]","og_url":"https:\/\/instalacions.planetaries.cat\/es\/sectors\/residencial-dalta-gamma\/","og_site_name":"APerez Instal\u00b7lacions","article_modified_time":"2026-01-21T08:58:12+00:00","og_image":[{"width":2560,"height":1300,"url":"http:\/\/instalacions.planetaries.cat\/wp-content\/uploads\/2026\/01\/HOUSE_BEST_MODERN_LA-ROCA_00013-scaled-e1768919090126.jpg","type":"image\/jpeg"}],"twitter_card":"summary_large_image","twitter_misc":{"Tiempo de lectura":"1 minuto"},"schema":{"@context":"https:\/\/schema.org","@graph":[{"@type":"WebPage","@id":"https:\/\/instalacions.planetaries.cat\/sectors\/residencial-dalta-gamma\/","url":"https:\/\/instalacions.planetaries.cat\/sectors\/residencial-dalta-gamma\/","name":"Residencial d\u2019alta gamma - APerez Instal\u00b7lacions","isPartOf":{"@id":"https:\/\/instalacions.planetaries.cat\/#website"},"primaryImageOfPage":{"@id":"https:\/\/instalacions.planetaries.cat\/sectors\/residencial-dalta-gamma\/#primaryimage"},"image":{"@id":"https:\/\/instalacions.planetaries.cat\/sectors\/residencial-dalta-gamma\/#primaryimage"},"thumbnailUrl":"https:\/\/instalacions.planetaries.cat\/wp-content\/uploads\/2026\/01\/HOUSE_BEST_MODERN_LA-ROCA_00013-scaled-e1768919090126.jpg","datePublished":"2026-01-20T14:17:17+00:00","dateModified":"2026-01-21T08:58:12+00:00","breadcrumb":{"@id":"https:\/\/instalacions.planetaries.cat\/sectors\/residencial-dalta-gamma\/#breadcrumb"},"inLanguage":"es","potentialAction":[{"@type":"ReadAction","target":["https:\/\/instalacions.planetaries.cat\/sectors\/residencial-dalta-gamma\/"]}]},{"@type":"ImageObject","inLanguage":"es","@id":"https:\/\/instalacions.planetaries.cat\/sectors\/residencial-dalta-gamma\/#primaryimage","url":"https:\/\/instalacions.planetaries.cat\/wp-content\/uploads\/2026\/01\/HOUSE_BEST_MODERN_LA-ROCA_00013-scaled-e1768919090126.jpg","contentUrl":"https:\/\/instalacions.planetaries.cat\/wp-content\/uploads\/2026\/01\/HOUSE_BEST_MODERN_LA-ROCA_00013-scaled-e1768919090126.jpg","width":2560,"height":1300},{"@type":"BreadcrumbList","@id":"https:\/\/instalacions.planetaries.cat\/sectors\/residencial-dalta-gamma\/#breadcrumb","itemListElement":[{"@type":"ListItem","position":1,"name":"Portada","item":"https:\/\/instalacions.planetaries.cat\/"},{"@type":"ListItem","position":2,"name":"Sectors","item":"https:\/\/instalacions.planetaries.cat\/sectors\/"},{"@type":"ListItem","position":3,"name":"Residencial d\u2019alta gamma"}]},{"@type":"WebSite","@id":"https:\/\/instalacions.planetaries.cat\/#website","url":"https:\/\/instalacions.planetaries.cat\/","name":"APerez Instal\u00b7lacions","description":"Solucions t\u00e8cniques integrals en lampisteria per a oficines, naus, franqu\u00edcies, grans superf\u00edcies i habitatges exclusius.","potentialAction":[{"@type":"SearchAction","target":{"@type":"EntryPoint","urlTemplate":"https:\/\/instalacions.planetaries.cat\/?s={search_term_string}"},"query-input":{"@type":"PropertyValueSpecification","valueRequired":true,"valueName":"search_term_string"}}],"inLanguage":"es"}]}},"_links":{"self":[{"href":"https:\/\/instalacions.planetaries.cat\/es\/wp-json\/wp\/v2\/pages\/643","targetHints":{"allow":["GET"]}}],"collection":[{"href":"https:\/\/instalacions.planetaries.cat\/es\/wp-json\/wp\/v2\/pages"}],"about":[{"href":"https:\/\/instalacions.planetaries.cat\/es\/wp-json\/wp\/v2\/types\/page"}],"author":[{"embeddable":true,"href":"https:\/\/instalacions.planetaries.cat\/es\/wp-json\/wp\/v2\/users\/2"}],"replies":[{"embeddable":true,"href":"https:\/\/instalacions.planetaries.cat\/es\/wp-json\/wp\/v2\/comments?post=643"}],"version-history":[{"count":13,"href":"https:\/\/instalacions.planetaries.cat\/es\/wp-json\/wp\/v2\/pages\/643\/revisions"}],"predecessor-version":[{"id":673,"href":"https:\/\/instalacions.planetaries.cat\/es\/wp-json\/wp\/v2\/pages\/643\/revisions\/673"}],"up":[{"embeddable":true,"href":"https:\/\/instalacions.planetaries.cat\/es\/wp-json\/wp\/v2\/pages\/641"}],"wp:featuredmedia":[{"embeddable":true,"href":"https:\/\/instalacions.planetaries.cat\/es\/wp-json\/wp\/v2\/media\/649"}],"wp:attachment":[{"href":"https:\/\/instalacions.planetaries.cat\/es\/wp-json\/wp\/v2\/media?parent=643"}],"curies":[{"name":"wp","href":"https:\/\/api.w.org\/{rel}","templated":true}]}}