{"id":686,"date":"2026-01-21T09:41:32","date_gmt":"2026-01-21T09:41:32","guid":{"rendered":"https:\/\/instalacions.planetaries.cat\/?page_id=686"},"modified":"2026-01-21T09:52:07","modified_gmt":"2026-01-21T09:52:07","slug":"sector-bancari","status":"publish","type":"page","link":"https:\/\/instalacions.planetaries.cat\/es\/sectors\/sector-bancari\/","title":{"rendered":"Sector bancari"},"content":{"rendered":"<p>La banca i les assegurances requereixen instal\u00b7lacions amb m\u00e0xima fiabilitat i m\u00ednima interfer\u00e8ncia. A APerez Instal\u00b7lacions oferim serveis t\u00e8cnics discrets, eficients i adaptats als protocols interns del sector bancari. Intervenim tant en oficines comercials com en centres corporatius i espais operatius.<\/p>\n<p>Coneixem la import\u00e0ncia de treballar en espais en funcionament, amb calendaris tancats, permisos d&#8217;acc\u00e9s i protocols de seguretat. Per aix\u00f2 oferim un interlocutor \u00fanic, alta capacitat de coordinaci\u00f3 i plena tra\u00e7abilitat en cada intervenci\u00f3.<\/p>\n<h2><strong>Rigor, seguretat i confidencialitat per a espais de serveis financers.<\/strong><\/h2>","protected":false},"excerpt":{"rendered":"<p>La banca i les assegurances requereixen instal\u00b7lacions amb m\u00e0xima fiabilitat i m\u00ednima interfer\u00e8ncia. A APerez Instal\u00b7lacions oferim serveis t\u00e8cnics discrets, eficients i adaptats als protocols interns del sector bancari. Intervenim tant en oficines comercials com en centres corporatius i espais operatius. Coneixem la import\u00e0ncia de treballar en espais en funcionament, amb calendaris tancats, permisos d&#8217;acc\u00e9s [&hellip;]<\/p>","protected":false},"author":2,"featured_media":689,"parent":641,"menu_order":0,"comment_status":"closed","ping_status":"closed","template":"page-sectors.php","meta":{"_acf_changed":false,"footnotes":""},"class_list":["post-686","page","type-page","status-publish","has-post-thumbnail","hentry"],"acf":[],"yoast_head":"<!-- This site is optimized with the Yoast SEO plugin v26.7 - https:\/\/yoast.com\/wordpress\/plugins\/seo\/ -->\n<title>Sector bancari - APerez Instal\u00b7lacions<\/title>\n<meta name=\"robots\" content=\"noindex, follow, max-snippet:-1, max-image-preview:large, max-video-preview:-1\" \/>\n<meta property=\"og:locale\" content=\"es_ES\" \/>\n<meta property=\"og:type\" content=\"article\" \/>\n<meta property=\"og:title\" content=\"Sector bancari - APerez Instal\u00b7lacions\" \/>\n<meta property=\"og:description\" content=\"La banca i les assegurances requereixen instal\u00b7lacions amb m\u00e0xima fiabilitat i m\u00ednima interfer\u00e8ncia. A APerez Instal\u00b7lacions oferim serveis t\u00e8cnics discrets, eficients i adaptats als protocols interns del sector bancari. Intervenim tant en oficines comercials com en centres corporatius i espais operatius. Coneixem la import\u00e0ncia de treballar en espais en funcionament, amb calendaris tancats, permisos d&#8217;acc\u00e9s [&hellip;]\" \/>\n<meta property=\"og:url\" content=\"https:\/\/instalacions.planetaries.cat\/es\/sectors\/sector-bancari\/\" \/>\n<meta property=\"og:site_name\" content=\"APerez Instal\u00b7lacions\" \/>\n<meta property=\"article:modified_time\" content=\"2026-01-21T09:52:07+00:00\" \/>\n<meta property=\"og:image\" content=\"http:\/\/instalacions.planetaries.cat\/wp-content\/uploads\/2026\/01\/bancs.jpg\" \/>\n\t<meta property=\"og:image:width\" content=\"1920\" \/>\n\t<meta property=\"og:image:height\" content=\"987\" \/>\n\t<meta property=\"og:image:type\" content=\"image\/jpeg\" \/>\n<meta name=\"twitter:card\" content=\"summary_large_image\" \/>\n<meta name=\"twitter:label1\" content=\"Tiempo de lectura\" \/>\n\t<meta name=\"twitter:data1\" content=\"1 minuto\" \/>\n<script type=\"application\/ld+json\" class=\"yoast-schema-graph\">{\"@context\":\"https:\/\/schema.org\",\"@graph\":[{\"@type\":\"WebPage\",\"@id\":\"https:\/\/instalacions.planetaries.cat\/sectors\/sector-bancari\/\",\"url\":\"https:\/\/instalacions.planetaries.cat\/sectors\/sector-bancari\/\",\"name\":\"Sector bancari - APerez Instal\u00b7lacions\",\"isPartOf\":{\"@id\":\"https:\/\/instalacions.planetaries.cat\/#website\"},\"primaryImageOfPage\":{\"@id\":\"https:\/\/instalacions.planetaries.cat\/sectors\/sector-bancari\/#primaryimage\"},\"image\":{\"@id\":\"https:\/\/instalacions.planetaries.cat\/sectors\/sector-bancari\/#primaryimage\"},\"thumbnailUrl\":\"https:\/\/instalacions.planetaries.cat\/wp-content\/uploads\/2026\/01\/bancs.jpg\",\"datePublished\":\"2026-01-21T09:41:32+00:00\",\"dateModified\":\"2026-01-21T09:52:07+00:00\",\"breadcrumb\":{\"@id\":\"https:\/\/instalacions.planetaries.cat\/sectors\/sector-bancari\/#breadcrumb\"},\"inLanguage\":\"es\",\"potentialAction\":[{\"@type\":\"ReadAction\",\"target\":[\"https:\/\/instalacions.planetaries.cat\/sectors\/sector-bancari\/\"]}]},{\"@type\":\"ImageObject\",\"inLanguage\":\"es\",\"@id\":\"https:\/\/instalacions.planetaries.cat\/sectors\/sector-bancari\/#primaryimage\",\"url\":\"https:\/\/instalacions.planetaries.cat\/wp-content\/uploads\/2026\/01\/bancs.jpg\",\"contentUrl\":\"https:\/\/instalacions.planetaries.cat\/wp-content\/uploads\/2026\/01\/bancs.jpg\",\"width\":1920,\"height\":987},{\"@type\":\"BreadcrumbList\",\"@id\":\"https:\/\/instalacions.planetaries.cat\/sectors\/sector-bancari\/#breadcrumb\",\"itemListElement\":[{\"@type\":\"ListItem\",\"position\":1,\"name\":\"Portada\",\"item\":\"https:\/\/instalacions.planetaries.cat\/\"},{\"@type\":\"ListItem\",\"position\":2,\"name\":\"Sectors\",\"item\":\"https:\/\/instalacions.planetaries.cat\/sectors\/\"},{\"@type\":\"ListItem\",\"position\":3,\"name\":\"Sector bancari\"}]},{\"@type\":\"WebSite\",\"@id\":\"https:\/\/instalacions.planetaries.cat\/#website\",\"url\":\"https:\/\/instalacions.planetaries.cat\/\",\"name\":\"APerez Instal\u00b7lacions\",\"description\":\"Solucions t\u00e8cniques integrals en lampisteria per a oficines, naus, franqu\u00edcies, grans superf\u00edcies i habitatges exclusius.\",\"potentialAction\":[{\"@type\":\"SearchAction\",\"target\":{\"@type\":\"EntryPoint\",\"urlTemplate\":\"https:\/\/instalacions.planetaries.cat\/?s={search_term_string}\"},\"query-input\":{\"@type\":\"PropertyValueSpecification\",\"valueRequired\":true,\"valueName\":\"search_term_string\"}}],\"inLanguage\":\"es\"}]}<\/script>\n<!-- \/ Yoast SEO plugin. -->","yoast_head_json":{"title":"Sector bancari - APerez Instal\u00b7lacions","robots":{"index":"noindex","follow":"follow","max-snippet":"max-snippet:-1","max-image-preview":"max-image-preview:large","max-video-preview":"max-video-preview:-1"},"og_locale":"es_ES","og_type":"article","og_title":"Sector bancari - APerez Instal\u00b7lacions","og_description":"La banca i les assegurances requereixen instal\u00b7lacions amb m\u00e0xima fiabilitat i m\u00ednima interfer\u00e8ncia. A APerez Instal\u00b7lacions oferim serveis t\u00e8cnics discrets, eficients i adaptats als protocols interns del sector bancari. Intervenim tant en oficines comercials com en centres corporatius i espais operatius. Coneixem la import\u00e0ncia de treballar en espais en funcionament, amb calendaris tancats, permisos d&#8217;acc\u00e9s [&hellip;]","og_url":"https:\/\/instalacions.planetaries.cat\/es\/sectors\/sector-bancari\/","og_site_name":"APerez Instal\u00b7lacions","article_modified_time":"2026-01-21T09:52:07+00:00","og_image":[{"width":1920,"height":987,"url":"http:\/\/instalacions.planetaries.cat\/wp-content\/uploads\/2026\/01\/bancs.jpg","type":"image\/jpeg"}],"twitter_card":"summary_large_image","twitter_misc":{"Tiempo de lectura":"1 minuto"},"schema":{"@context":"https:\/\/schema.org","@graph":[{"@type":"WebPage","@id":"https:\/\/instalacions.planetaries.cat\/sectors\/sector-bancari\/","url":"https:\/\/instalacions.planetaries.cat\/sectors\/sector-bancari\/","name":"Sector bancari - APerez Instal\u00b7lacions","isPartOf":{"@id":"https:\/\/instalacions.planetaries.cat\/#website"},"primaryImageOfPage":{"@id":"https:\/\/instalacions.planetaries.cat\/sectors\/sector-bancari\/#primaryimage"},"image":{"@id":"https:\/\/instalacions.planetaries.cat\/sectors\/sector-bancari\/#primaryimage"},"thumbnailUrl":"https:\/\/instalacions.planetaries.cat\/wp-content\/uploads\/2026\/01\/bancs.jpg","datePublished":"2026-01-21T09:41:32+00:00","dateModified":"2026-01-21T09:52:07+00:00","breadcrumb":{"@id":"https:\/\/instalacions.planetaries.cat\/sectors\/sector-bancari\/#breadcrumb"},"inLanguage":"es","potentialAction":[{"@type":"ReadAction","target":["https:\/\/instalacions.planetaries.cat\/sectors\/sector-bancari\/"]}]},{"@type":"ImageObject","inLanguage":"es","@id":"https:\/\/instalacions.planetaries.cat\/sectors\/sector-bancari\/#primaryimage","url":"https:\/\/instalacions.planetaries.cat\/wp-content\/uploads\/2026\/01\/bancs.jpg","contentUrl":"https:\/\/instalacions.planetaries.cat\/wp-content\/uploads\/2026\/01\/bancs.jpg","width":1920,"height":987},{"@type":"BreadcrumbList","@id":"https:\/\/instalacions.planetaries.cat\/sectors\/sector-bancari\/#breadcrumb","itemListElement":[{"@type":"ListItem","position":1,"name":"Portada","item":"https:\/\/instalacions.planetaries.cat\/"},{"@type":"ListItem","position":2,"name":"Sectors","item":"https:\/\/instalacions.planetaries.cat\/sectors\/"},{"@type":"ListItem","position":3,"name":"Sector bancari"}]},{"@type":"WebSite","@id":"https:\/\/instalacions.planetaries.cat\/#website","url":"https:\/\/instalacions.planetaries.cat\/","name":"APerez Instal\u00b7lacions","description":"Solucions t\u00e8cniques integrals en lampisteria per a oficines, naus, franqu\u00edcies, grans superf\u00edcies i habitatges exclusius.","potentialAction":[{"@type":"SearchAction","target":{"@type":"EntryPoint","urlTemplate":"https:\/\/instalacions.planetaries.cat\/?s={search_term_string}"},"query-input":{"@type":"PropertyValueSpecification","valueRequired":true,"valueName":"search_term_string"}}],"inLanguage":"es"}]}},"_links":{"self":[{"href":"https:\/\/instalacions.planetaries.cat\/es\/wp-json\/wp\/v2\/pages\/686","targetHints":{"allow":["GET"]}}],"collection":[{"href":"https:\/\/instalacions.planetaries.cat\/es\/wp-json\/wp\/v2\/pages"}],"about":[{"href":"https:\/\/instalacions.planetaries.cat\/es\/wp-json\/wp\/v2\/types\/page"}],"author":[{"embeddable":true,"href":"https:\/\/instalacions.planetaries.cat\/es\/wp-json\/wp\/v2\/users\/2"}],"replies":[{"embeddable":true,"href":"https:\/\/instalacions.planetaries.cat\/es\/wp-json\/wp\/v2\/comments?post=686"}],"version-history":[{"count":3,"href":"https:\/\/instalacions.planetaries.cat\/es\/wp-json\/wp\/v2\/pages\/686\/revisions"}],"predecessor-version":[{"id":691,"href":"https:\/\/instalacions.planetaries.cat\/es\/wp-json\/wp\/v2\/pages\/686\/revisions\/691"}],"up":[{"embeddable":true,"href":"https:\/\/instalacions.planetaries.cat\/es\/wp-json\/wp\/v2\/pages\/641"}],"wp:featuredmedia":[{"embeddable":true,"href":"https:\/\/instalacions.planetaries.cat\/es\/wp-json\/wp\/v2\/media\/689"}],"wp:attachment":[{"href":"https:\/\/instalacions.planetaries.cat\/es\/wp-json\/wp\/v2\/media?parent=686"}],"curies":[{"name":"wp","href":"https:\/\/api.w.org\/{rel}","templated":true}]}}